{"id":54,"date":"2019-01-06T21:25:10","date_gmt":"2019-01-06T21:25:10","guid":{"rendered":"http:\/\/martin-huber.org\/?page_id=54"},"modified":"2022-11-09T21:41:23","modified_gmt":"2022-11-09T21:41:23","slug":"impressum","status":"publish","type":"page","link":"https:\/\/martin-huber.org\/startseite\/?page_id=54","title":{"rendered":"Impressum"},"content":{"rendered":"\n<p>Herausgeber und verantwortlich f\u00fcr den Inhalt<br \/><br \/>Martin Huber &#8211; Technische Beratung<br \/>Windgrat 9<br \/>83334 Inzell<br \/><br \/>Tel.: +49-170-3049812\u00a0 <br \/>Email: <a href=\"mailto:%20mail@martin-huber.org\">mail@martin-huber.org<\/a><br \/><br \/>Steuer-Nr: 163\/231\/12472<br \/>Ust.-IdNr.: DE263526566<br \/><br \/>Gesch\u00e4ftsf\u00fchrer: Martin Huber<br \/><br \/>Inhaltlich Verantwortlicher gem\u00e4\u00df \u00a7 10 Absatz 3 MDStV: Martin Huber (Anschrift wie oben) <br \/><br \/>Haftungshinweis<br \/>Trotz sorgf\u00e4ltiger inhaltlicher Kontrolle \u00fcbernehmen wir keine Haftung f\u00fcr die Inhalte externer Links. F\u00fcr den Inhalt der verlinkten Seiten sind ausschlie\u00dflich deren Betreiber verantwortlich. Alle Inhalte dieser Website einschlie\u00dflich der Gestaltung und Programmierung unterliegen dem Urheberrecht (Copyright). Alle Rechte vorbehalten, alle Angaben ohne Gew\u00e4hr, \u00c4nderungen vorbehalten. Die Verwendung von Text- und Bildmaterial ist nur mit ausdr\u00fccklicher schriftlicher Genehmigung des Betreibers der Internetseite (s.o.) zul\u00e4ssig.<\/p>\n","protected":false},"excerpt":{"rendered":"","protected":false},"author":1,"featured_media":0,"parent":0,"menu_order":0,"comment_status":"closed","ping_status":"closed","template":"","meta":{"footnotes":""},"class_list":["post-54","page","type-page","status-publish","hentry"],"_links":{"self":[{"href":"https:\/\/martin-huber.org\/startseite\/index.php?rest_route=\/wp\/v2\/pages\/54","targetHints":{"allow":["GET"]}}],"collection":[{"href":"https:\/\/martin-huber.org\/startseite\/index.php?rest_route=\/wp\/v2\/pages"}],"about":[{"href":"https:\/\/martin-huber.org\/startseite\/index.php?rest_route=\/wp\/v2\/types\/page"}],"author":[{"embeddable":true,"href":"https:\/\/martin-huber.org\/startseite\/index.php?rest_route=\/wp\/v2\/users\/1"}],"replies":[{"embeddable":true,"href":"https:\/\/martin-huber.org\/startseite\/index.php?rest_route=%2Fwp%2Fv2%2Fcomments&post=54"}],"version-history":[{"count":3,"href":"https:\/\/martin-huber.org\/startseite\/index.php?rest_route=\/wp\/v2\/pages\/54\/revisions"}],"predecessor-version":[{"id":140,"href":"https:\/\/martin-huber.org\/startseite\/index.php?rest_route=\/wp\/v2\/pages\/54\/revisions\/140"}],"wp:attachment":[{"href":"https:\/\/martin-huber.org\/startseite\/index.php?rest_route=%2Fwp%2Fv2%2Fmedia&parent=54"}],"curies":[{"name":"wp","href":"https:\/\/api.w.org\/{rel}","templated":true}]}}